{"id":24,"date":"2024-09-17T19:26:31","date_gmt":"2024-09-17T17:26:31","guid":{"rendered":"https:\/\/francepda.fr\/?page_id=24"},"modified":"2024-09-20T18:10:45","modified_gmt":"2024-09-20T16:10:45","slug":"france-pda","status":"publish","type":"page","link":"https:\/\/francepda.fr\/","title":{"rendered":"France PDA"},"content":{"rendered":"\n<div class=\"wp-block-group alignfull has-global-padding is-layout-constrained wp-container-core-group-is-layout-490fa1db wp-block-group-is-layout-constrained\" style=\"padding-top:var(--wp--preset--spacing--50);padding-right:var(--wp--preset--spacing--50);padding-bottom:var(--wp--preset--spacing--50);padding-left:var(--wp--preset--spacing--50)\">\n<div class=\"wp-block-group has-global-padding is-layout-constrained wp-container-core-group-is-layout-650790e1 wp-block-group-is-layout-constrained\">\n<h1 class=\"wp-block-heading has-text-align-center has-x-large-font-size\">Engag\u00e9s pour la s\u00e9curisation du circuit du m\u00e9dicament en France<\/h1>\n\n\n\n<div style=\"height:1.25rem\" aria-hidden=\"true\" class=\"wp-block-spacer\"><\/div>\n\n\n\n<p class=\"has-text-align-center\">France PDA f\u00e9d\u00e8re des pharmaciens passionn\u00e9s et ambitionne de participer \u00e0 la structuration du circuit du m\u00e9dicament dans les \u00e9tablissements m\u00e9dico-sociaux sans PUI.<\/p>\n\n\n\n<div style=\"height:1.25rem\" aria-hidden=\"true\" class=\"wp-block-spacer\"><\/div>\n\n\n\n<div class=\"wp-block-buttons is-content-justification-center is-layout-flex wp-container-core-buttons-is-layout-a89b3969 wp-block-buttons-is-layout-flex\">\n<div class=\"wp-block-button\"><a class=\"wp-block-button__link wp-element-button\">A propos<\/a><\/div>\n<\/div>\n<\/div>\n\n\n\n<div style=\"height:var(--wp--preset--spacing--30)\" aria-hidden=\"true\" class=\"wp-block-spacer\"><\/div>\n\n\n\n<figure class=\"wp-block-image alignwide size-full is-style-rounded is-style-rounded--1\"><img loading=\"lazy\" decoding=\"async\" width=\"2000\" height=\"1334\" src=\"https:\/\/francepda.fr\/wp-content\/uploads\/2024\/09\/IMG_7095copie-1-1.jpg\" alt=\"\" class=\"wp-image-32\" srcset=\"https:\/\/francepda.fr\/wp-content\/uploads\/2024\/09\/IMG_7095copie-1-1.jpg 2000w, https:\/\/francepda.fr\/wp-content\/uploads\/2024\/09\/IMG_7095copie-1-1-300x200.jpg 300w, https:\/\/francepda.fr\/wp-content\/uploads\/2024\/09\/IMG_7095copie-1-1-1024x683.jpg 1024w, https:\/\/francepda.fr\/wp-content\/uploads\/2024\/09\/IMG_7095copie-1-1-768x512.jpg 768w, https:\/\/francepda.fr\/wp-content\/uploads\/2024\/09\/IMG_7095copie-1-1-1536x1025.jpg 1536w\" sizes=\"auto, (max-width: 2000px) 100vw, 2000px\" \/><\/figure>\n<\/div>\n\n\n\n<div class=\"wp-block-group alignfull has-base-2-background-color has-background has-global-padding is-layout-constrained wp-container-core-group-is-layout-669513ed wp-block-group-is-layout-constrained\" style=\"margin-top:0;margin-bottom:0;padding-top:var(--wp--preset--spacing--50);padding-right:var(--wp--preset--spacing--50);padding-bottom:var(--wp--preset--spacing--50);padding-left:var(--wp--preset--spacing--50)\">\n<div class=\"wp-block-group is-vertical is-content-justification-center is-layout-flex wp-container-core-group-is-layout-52b864f0 wp-block-group-is-layout-flex\">\n<h2 class=\"wp-block-heading has-text-align-center is-style-asterisk\">La PDA aujourd&#8217;hui en France<\/h2>\n\n\n\n<div style=\"height:0px\" aria-hidden=\"true\" class=\"wp-block-spacer wp-container-content-4f2ccadb\"><\/div>\n\n\n\n<p class=\"has-text-align-center\">Comparativement \u00e0 d&#8217;autres pays europ\u00e9ens, comme la Belgique ou les Pays-Bas, la France est aujourd&#8217;hui en retard. La situation doit s&#8217;am\u00e9liorer pour proposer des solutions p\u00e9rennes et s\u00e9curis\u00e9es aux EHPAD, MAS et FAM.<\/p>\n<\/div>\n<\/div>\n\n\n\n<div class=\"wp-block-group alignfull has-global-padding is-layout-constrained wp-container-core-group-is-layout-d89aad35 wp-block-group-is-layout-constrained\" style=\"margin-top:0;margin-bottom:0;padding-top:var(--wp--preset--spacing--50);padding-right:var(--wp--preset--spacing--50);padding-bottom:var(--wp--preset--spacing--50);padding-left:var(--wp--preset--spacing--50)\">\n<div class=\"wp-block-group alignwide has-global-padding is-layout-constrained wp-container-core-group-is-layout-19e250f3 wp-block-group-is-layout-constrained\">\n<div class=\"wp-block-group is-vertical is-content-justification-center is-layout-flex wp-container-core-group-is-layout-6329a8f3 wp-block-group-is-layout-flex\">\n<h2 class=\"wp-block-heading has-text-align-center is-style-asterisk\">Une activit\u00e9 de pointe dont la structuration est indispensable<\/h2>\n\n\n\n<p class=\"has-text-align-center\">Chaque jour, 600 000 r\u00e9sidents d&#8217;EHPAD, MAS et FAM re\u00e7oivent des traitements m\u00e9dicamenteux destin\u00e9s notamment \u00e0 maintenir leur sant\u00e9 et am\u00e9liorer leur confort. La pr\u00e9paration de ces traitements constitue un enjeu crucial pour le pays : chaque prise de m\u00e9dicament peut \u00eatre source d&#8217;iatrog\u00e9nie, c&#8217;est pourquoi il faut un circuit du m\u00e9dicament structur\u00e9. C&#8217;est aujourd&#8217;hui le r\u00f4le des pharmaciens qui acceptent de relever ce d\u00e9fi.<\/p>\n<\/div>\n\n\n\n<div style=\"height:var(--wp--preset--spacing--40)\" aria-hidden=\"true\" class=\"wp-block-spacer\"><\/div>\n\n\n\n<div class=\"wp-block-columns alignwide is-layout-flex wp-container-core-columns-is-layout-d1c656ed wp-block-columns-is-layout-flex\">\n<div class=\"wp-block-column is-vertically-aligned-center is-layout-flow wp-block-column-is-layout-flow\" style=\"flex-basis:40%\">\n<h3 class=\"wp-block-heading is-style-asterisk\">Du personnel hautement qualifi\u00e9 et des \u00e9quipements \u00e0 la pointe requis<\/h3>\n\n\n\n<ul style=\"line-height:1.75\" class=\"wp-block-list is-style-checkmark-list\">\n<li>Docteurs en pharmacie, ing\u00e9nieurs et pr\u00e9parateurs<\/li>\n\n\n\n<li>Robots de pointe pour la fabrication et le contr\u00f4le<\/li>\n\n\n\n<li>Des logiciels d\u00e9di\u00e9s et sans faille<\/li>\n<\/ul>\n<\/div>\n\n\n\n<div class=\"wp-block-column is-layout-flow wp-block-column-is-layout-flow\" style=\"flex-basis:50%\">\n<figure class=\"wp-block-image size-large is-style-rounded is-style-rounded--2\"><img loading=\"lazy\" decoding=\"async\" width=\"1024\" height=\"683\" src=\"https:\/\/francepda.fr\/wp-content\/uploads\/2024\/09\/IMG_6853copie-2-1024x683.jpg\" alt=\"\" class=\"wp-image-29\" srcset=\"https:\/\/francepda.fr\/wp-content\/uploads\/2024\/09\/IMG_6853copie-2-1024x683.jpg 1024w, https:\/\/francepda.fr\/wp-content\/uploads\/2024\/09\/IMG_6853copie-2-300x200.jpg 300w, https:\/\/francepda.fr\/wp-content\/uploads\/2024\/09\/IMG_6853copie-2-768x512.jpg 768w, https:\/\/francepda.fr\/wp-content\/uploads\/2024\/09\/IMG_6853copie-2.jpg 1200w\" sizes=\"auto, (max-width: 1024px) 100vw, 1024px\" \/><\/figure>\n<\/div>\n<\/div>\n\n\n\n<div style=\"height:var(--wp--preset--spacing--40)\" aria-hidden=\"true\" class=\"wp-block-spacer\"><\/div>\n\n\n\n<div class=\"wp-block-columns alignwide is-layout-flex wp-container-core-columns-is-layout-d1c656ed wp-block-columns-is-layout-flex\">\n<div class=\"wp-block-column is-layout-flow wp-block-column-is-layout-flow\" style=\"flex-basis:50%\">\n<figure class=\"wp-block-image size-large is-style-rounded is-style-rounded--3\"><img loading=\"lazy\" decoding=\"async\" width=\"1024\" height=\"683\" src=\"https:\/\/francepda.fr\/wp-content\/uploads\/2024\/09\/IMG_7085-1024x683.jpg\" alt=\"\" class=\"wp-image-30\" srcset=\"https:\/\/francepda.fr\/wp-content\/uploads\/2024\/09\/IMG_7085-1024x683.jpg 1024w, https:\/\/francepda.fr\/wp-content\/uploads\/2024\/09\/IMG_7085-300x200.jpg 300w, https:\/\/francepda.fr\/wp-content\/uploads\/2024\/09\/IMG_7085-768x512.jpg 768w, https:\/\/francepda.fr\/wp-content\/uploads\/2024\/09\/IMG_7085.jpg 1200w\" sizes=\"auto, (max-width: 1024px) 100vw, 1024px\" \/><\/figure>\n<\/div>\n\n\n\n<div class=\"wp-block-column is-vertically-aligned-center is-layout-flow wp-block-column-is-layout-flow\" style=\"flex-basis:40%\">\n<h3 class=\"wp-block-heading is-style-asterisk\">Une organisation rigoureuse indispensable<\/h3>\n\n\n\n<ul style=\"line-height:1.75\" class=\"wp-block-list is-style-checkmark-list\">\n<li>Des proc\u00e9dures robustes et exigeantes<\/li>\n\n\n\n<li>Des audits et inspections<\/li>\n\n\n\n<li>Une certification<\/li>\n<\/ul>\n<\/div>\n<\/div>\n\n\n\n<h2 class=\"wp-block-heading alignwide has-x-large-font-size\" style=\"margin-top:0;margin-bottom:var(--wp--preset--spacing--40);line-height:1\"><\/h2>\n<\/div>\n<\/div>\n","protected":false},"excerpt":{"rendered":"<p>Engag\u00e9s pour la s\u00e9curisation du circuit du m\u00e9dicament en France France PDA f\u00e9d\u00e8re des pharmaciens passionn\u00e9s et ambitionne de participer \u00e0 la structuration du circuit du m\u00e9dicament dans les \u00e9tablissements m\u00e9dico-sociaux sans PUI. La PDA aujourd&#8217;hui en France Comparativement \u00e0 d&#8217;autres pays europ\u00e9ens, comme la Belgique ou les Pays-Bas, la France est aujourd&#8217;hui en retard. [&hellip;]<\/p>\n","protected":false},"author":1,"featured_media":39,"parent":0,"menu_order":0,"comment_status":"closed","ping_status":"closed","template":"","meta":{"_coblocks_attr":"","_coblocks_dimensions":"","_coblocks_responsive_height":"","_coblocks_accordion_ie_support":"","footnotes":""},"class_list":["post-24","page","type-page","status-publish","has-post-thumbnail","hentry"],"yoast_head":"<!-- This site is optimized with the Yoast SEO plugin v23.4 - https:\/\/yoast.com\/wordpress\/plugins\/seo\/ -->\n<title>France PDA - France PDA<\/title>\n<meta name=\"robots\" content=\"index, follow, max-snippet:-1, max-image-preview:large, max-video-preview:-1\" \/>\n<link rel=\"canonical\" href=\"https:\/\/francepda.fr\/\" \/>\n<meta property=\"og:locale\" content=\"en_US\" \/>\n<meta property=\"og:type\" content=\"article\" \/>\n<meta property=\"og:title\" content=\"France PDA - France PDA\" \/>\n<meta property=\"og:description\" content=\"Engag\u00e9s pour la s\u00e9curisation du circuit du m\u00e9dicament en France France PDA f\u00e9d\u00e8re des pharmaciens passionn\u00e9s et ambitionne de participer \u00e0 la structuration du circuit du m\u00e9dicament dans les \u00e9tablissements m\u00e9dico-sociaux sans PUI. La PDA aujourd&#8217;hui en France Comparativement \u00e0 d&#8217;autres pays europ\u00e9ens, comme la Belgique ou les Pays-Bas, la France est aujourd&#8217;hui en retard. [&hellip;]\" \/>\n<meta property=\"og:url\" content=\"https:\/\/francepda.fr\/\" \/>\n<meta property=\"og:site_name\" content=\"France PDA\" \/>\n<meta property=\"article:modified_time\" content=\"2024-09-20T16:10:45+00:00\" \/>\n<meta property=\"og:image\" content=\"http:\/\/francepda.fr\/wp-content\/uploads\/2024\/09\/IMG_7256copie.jpg\" \/>\n\t<meta property=\"og:image:width\" content=\"1200\" \/>\n\t<meta property=\"og:image:height\" content=\"800\" \/>\n\t<meta property=\"og:image:type\" content=\"image\/jpeg\" \/>\n<meta name=\"twitter:card\" content=\"summary_large_image\" \/>\n<meta name=\"twitter:label1\" content=\"Est. reading time\" \/>\n\t<meta name=\"twitter:data1\" content=\"2 minutes\" \/>\n<script type=\"application\/ld+json\" class=\"yoast-schema-graph\">{\"@context\":\"https:\/\/schema.org\",\"@graph\":[{\"@type\":\"WebPage\",\"@id\":\"https:\/\/francepda.fr\/\",\"url\":\"https:\/\/francepda.fr\/\",\"name\":\"France PDA - France PDA\",\"isPartOf\":{\"@id\":\"https:\/\/francepda.fr\/#website\"},\"primaryImageOfPage\":{\"@id\":\"https:\/\/francepda.fr\/#primaryimage\"},\"image\":{\"@id\":\"https:\/\/francepda.fr\/#primaryimage\"},\"thumbnailUrl\":\"https:\/\/francepda.fr\/wp-content\/uploads\/2024\/09\/IMG_7256copie.jpg\",\"datePublished\":\"2024-09-17T17:26:31+00:00\",\"dateModified\":\"2024-09-20T16:10:45+00:00\",\"breadcrumb\":{\"@id\":\"https:\/\/francepda.fr\/#breadcrumb\"},\"inLanguage\":\"en-US\",\"potentialAction\":[{\"@type\":\"ReadAction\",\"target\":[\"https:\/\/francepda.fr\/\"]}]},{\"@type\":\"ImageObject\",\"inLanguage\":\"en-US\",\"@id\":\"https:\/\/francepda.fr\/#primaryimage\",\"url\":\"https:\/\/francepda.fr\/wp-content\/uploads\/2024\/09\/IMG_7256copie.jpg\",\"contentUrl\":\"https:\/\/francepda.fr\/wp-content\/uploads\/2024\/09\/IMG_7256copie.jpg\",\"width\":1200,\"height\":800},{\"@type\":\"BreadcrumbList\",\"@id\":\"https:\/\/francepda.fr\/#breadcrumb\",\"itemListElement\":[{\"@type\":\"ListItem\",\"position\":1,\"name\":\"Home\",\"item\":\"https:\/\/francepda.fr\/\"},{\"@type\":\"ListItem\",\"position\":2,\"name\":\"France PDA\"}]},{\"@type\":\"WebSite\",\"@id\":\"https:\/\/francepda.fr\/#website\",\"url\":\"https:\/\/francepda.fr\/\",\"name\":\"France PDA\",\"description\":\"Association loi 1901 \",\"publisher\":{\"@id\":\"https:\/\/francepda.fr\/#organization\"},\"potentialAction\":[{\"@type\":\"SearchAction\",\"target\":{\"@type\":\"EntryPoint\",\"urlTemplate\":\"https:\/\/francepda.fr\/?s={search_term_string}\"},\"query-input\":{\"@type\":\"PropertyValueSpecification\",\"valueRequired\":true,\"valueName\":\"search_term_string\"}}],\"inLanguage\":\"en-US\"},{\"@type\":\"Organization\",\"@id\":\"https:\/\/francepda.fr\/#organization\",\"name\":\"France PDA\",\"url\":\"https:\/\/francepda.fr\/\",\"logo\":{\"@type\":\"ImageObject\",\"inLanguage\":\"en-US\",\"@id\":\"https:\/\/francepda.fr\/#\/schema\/logo\/image\/\",\"url\":\"https:\/\/francepda.fr\/wp-content\/uploads\/2024\/09\/Logo-France-PDA.png\",\"contentUrl\":\"https:\/\/francepda.fr\/wp-content\/uploads\/2024\/09\/Logo-France-PDA.png\",\"width\":512,\"height\":512,\"caption\":\"France PDA\"},\"image\":{\"@id\":\"https:\/\/francepda.fr\/#\/schema\/logo\/image\/\"}}]}<\/script>\n<!-- \/ Yoast SEO plugin. -->","yoast_head_json":{"title":"France PDA - France PDA","robots":{"index":"index","follow":"follow","max-snippet":"max-snippet:-1","max-image-preview":"max-image-preview:large","max-video-preview":"max-video-preview:-1"},"canonical":"https:\/\/francepda.fr\/","og_locale":"en_US","og_type":"article","og_title":"France PDA - France PDA","og_description":"Engag\u00e9s pour la s\u00e9curisation du circuit du m\u00e9dicament en France France PDA f\u00e9d\u00e8re des pharmaciens passionn\u00e9s et ambitionne de participer \u00e0 la structuration du circuit du m\u00e9dicament dans les \u00e9tablissements m\u00e9dico-sociaux sans PUI. La PDA aujourd&#8217;hui en France Comparativement \u00e0 d&#8217;autres pays europ\u00e9ens, comme la Belgique ou les Pays-Bas, la France est aujourd&#8217;hui en retard. [&hellip;]","og_url":"https:\/\/francepda.fr\/","og_site_name":"France PDA","article_modified_time":"2024-09-20T16:10:45+00:00","og_image":[{"width":1200,"height":800,"url":"http:\/\/francepda.fr\/wp-content\/uploads\/2024\/09\/IMG_7256copie.jpg","type":"image\/jpeg"}],"twitter_card":"summary_large_image","twitter_misc":{"Est. reading time":"2 minutes"},"schema":{"@context":"https:\/\/schema.org","@graph":[{"@type":"WebPage","@id":"https:\/\/francepda.fr\/","url":"https:\/\/francepda.fr\/","name":"France PDA - France PDA","isPartOf":{"@id":"https:\/\/francepda.fr\/#website"},"primaryImageOfPage":{"@id":"https:\/\/francepda.fr\/#primaryimage"},"image":{"@id":"https:\/\/francepda.fr\/#primaryimage"},"thumbnailUrl":"https:\/\/francepda.fr\/wp-content\/uploads\/2024\/09\/IMG_7256copie.jpg","datePublished":"2024-09-17T17:26:31+00:00","dateModified":"2024-09-20T16:10:45+00:00","breadcrumb":{"@id":"https:\/\/francepda.fr\/#breadcrumb"},"inLanguage":"en-US","potentialAction":[{"@type":"ReadAction","target":["https:\/\/francepda.fr\/"]}]},{"@type":"ImageObject","inLanguage":"en-US","@id":"https:\/\/francepda.fr\/#primaryimage","url":"https:\/\/francepda.fr\/wp-content\/uploads\/2024\/09\/IMG_7256copie.jpg","contentUrl":"https:\/\/francepda.fr\/wp-content\/uploads\/2024\/09\/IMG_7256copie.jpg","width":1200,"height":800},{"@type":"BreadcrumbList","@id":"https:\/\/francepda.fr\/#breadcrumb","itemListElement":[{"@type":"ListItem","position":1,"name":"Home","item":"https:\/\/francepda.fr\/"},{"@type":"ListItem","position":2,"name":"France PDA"}]},{"@type":"WebSite","@id":"https:\/\/francepda.fr\/#website","url":"https:\/\/francepda.fr\/","name":"France PDA","description":"Association loi 1901 ","publisher":{"@id":"https:\/\/francepda.fr\/#organization"},"potentialAction":[{"@type":"SearchAction","target":{"@type":"EntryPoint","urlTemplate":"https:\/\/francepda.fr\/?s={search_term_string}"},"query-input":{"@type":"PropertyValueSpecification","valueRequired":true,"valueName":"search_term_string"}}],"inLanguage":"en-US"},{"@type":"Organization","@id":"https:\/\/francepda.fr\/#organization","name":"France PDA","url":"https:\/\/francepda.fr\/","logo":{"@type":"ImageObject","inLanguage":"en-US","@id":"https:\/\/francepda.fr\/#\/schema\/logo\/image\/","url":"https:\/\/francepda.fr\/wp-content\/uploads\/2024\/09\/Logo-France-PDA.png","contentUrl":"https:\/\/francepda.fr\/wp-content\/uploads\/2024\/09\/Logo-France-PDA.png","width":512,"height":512,"caption":"France PDA"},"image":{"@id":"https:\/\/francepda.fr\/#\/schema\/logo\/image\/"}}]}},"_links":{"self":[{"href":"https:\/\/francepda.fr\/index.php\/wp-json\/wp\/v2\/pages\/24","targetHints":{"allow":["GET"]}}],"collection":[{"href":"https:\/\/francepda.fr\/index.php\/wp-json\/wp\/v2\/pages"}],"about":[{"href":"https:\/\/francepda.fr\/index.php\/wp-json\/wp\/v2\/types\/page"}],"author":[{"embeddable":true,"href":"https:\/\/francepda.fr\/index.php\/wp-json\/wp\/v2\/users\/1"}],"replies":[{"embeddable":true,"href":"https:\/\/francepda.fr\/index.php\/wp-json\/wp\/v2\/comments?post=24"}],"version-history":[{"count":9,"href":"https:\/\/francepda.fr\/index.php\/wp-json\/wp\/v2\/pages\/24\/revisions"}],"predecessor-version":[{"id":84,"href":"https:\/\/francepda.fr\/index.php\/wp-json\/wp\/v2\/pages\/24\/revisions\/84"}],"wp:featuredmedia":[{"embeddable":true,"href":"https:\/\/francepda.fr\/index.php\/wp-json\/wp\/v2\/media\/39"}],"wp:attachment":[{"href":"https:\/\/francepda.fr\/index.php\/wp-json\/wp\/v2\/media?parent=24"}],"curies":[{"name":"wp","href":"https:\/\/api.w.org\/{rel}","templated":true}]}}